{"id":88,"date":"2015-10-16T01:53:32","date_gmt":"2015-10-16T01:53:32","guid":{"rendered":"http:\/\/www.albamolinavisionguide.com\/es\/?page_id=88"},"modified":"2021-01-02T20:49:15","modified_gmt":"2021-01-02T20:49:15","slug":"servicios","status":"publish","type":"page","link":"https:\/\/alba-molina.com\/es\/servicios\/","title":{"rendered":"Servicios"},"content":{"rendered":"<p>[et_pb_section fb_built=&#8221;1&#8243; custom_padding_last_edited=&#8221;on|desktop&#8221; admin_label=&#8221;section&#8221; module_class=&#8221;bgp03&#8243; _builder_version=&#8221;4.7.7&#8243; background_image=&#8221;https:\/\/alba-molina.com\/es\/wp-content\/uploads\/sites\/2\/2021\/01\/servicios.jpg&#8221; custom_padding_tablet=&#8221;50px|0|50px|0&#8243; custom_padding_phone=&#8221;&#8221; hover_enabled=&#8221;0&#8243; custom_css_main_element=&#8221;height: 100vh;&#8221; title_text=&#8221;servicios&#8221; sticky_enabled=&#8221;0&#8243;][et_pb_row padding_mobile=&#8221;off&#8221; column_padding_mobile=&#8221;on&#8221; admin_label=&#8221;row&#8221; _builder_version=&#8221;3.25&#8243; background_size=&#8221;initial&#8221; background_position=&#8221;top_left&#8221; background_repeat=&#8221;repeat&#8221; custom_css_main_element=&#8221;padding-top:5%;&#8221; make_fullwidth=&#8221;off&#8221; use_custom_width=&#8221;off&#8221; width_unit=&#8221;on&#8221;][et_pb_column type=&#8221;4_4&#8243; _builder_version=&#8221;3.25&#8243; custom_padding=&#8221;|||&#8221; custom_padding__hover=&#8221;|||&#8221;][et_pb_post_title meta=&#8221;off&#8221; featured_image=&#8221;off&#8221; text_color=&#8221;light&#8221; admin_label=&#8221;Post Title&#8221; _builder_version=&#8221;3.0.87&#8243; title_font_size=&#8221;36px&#8221; title_all_caps=&#8221;off&#8221; background_color=&#8221;rgba(255,255,255,0)&#8221; parallax=&#8221;on&#8221; parallax_method=&#8221;off&#8221; text_orientation=&#8221;center&#8221; custom_css_main_element=&#8221;text-shadow: 0px 0px 6px rgba(0, 0, 0, 1);&#8221; parallax_effect=&#8221;on&#8221; module_bg_color=&#8221;rgba(255,255,255,0)&#8221; use_border_color=&#8221;off&#8221; border_color=&#8221;#ffffff&#8221; border_style=&#8221;solid&#8221;]&nbsp;[\/et_pb_post_title][et_pb_text admin_label=&#8221;Text&#8221; _builder_version=&#8221;3.27.4&#8243; background_size=&#8221;initial&#8221; background_position=&#8221;top_left&#8221; background_repeat=&#8221;repeat&#8221; background_layout=&#8221;dark&#8221; custom_css_main_element=&#8221;text-shadow: 0px 0px 6px rgba(0, 0, 0, 1);&#8221; use_border_color=&#8221;off&#8221; border_color=&#8221;#ffffff&#8221; border_style=&#8221;solid&#8221;]<\/p>\n<p style=\"text-align: center\"><span class=\"quote\"><br \/>\n&#8220;Es un gran privilegio el poder hacer la diferencia en el mundo.<br \/>\nHag\u00e1moslo bas\u00e1ndonos en el gozo de contribuir con nuestras cualidades y talentos donde se necesiten.<br \/>\nEsta es la mejor forma de mostrar gratitud por lo que nos fue dado!&#8221;<br \/>\n~Alba<\/span><\/p>\n<p>[\/et_pb_text][et_pb_image src=&#8221;http:\/\/www.alba-molina.com\/es\/wp-content\/uploads\/sites\/2\/2015\/10\/arrow.png&#8221; alt=&#8221;Continuar leyendo&#8221; title_text=&#8221;Continuar leyendo&#8221; url=&#8221;#contenido&#8221; align=&#8221;center&#8221; align_tablet=&#8221;center&#8221; align_last_edited=&#8221;on|desktop&#8221; admin_label=&#8221;Image&#8221; _builder_version=&#8221;3.23&#8243; use_border_color=&#8221;off&#8221; border_color=&#8221;#ffffff&#8221; border_style=&#8221;solid&#8221; animation=&#8221;off&#8221; sticky=&#8221;off&#8221; always_center_on_mobile=&#8221;on&#8221;]&nbsp;[\/et_pb_image][\/et_pb_column][\/et_pb_row][\/et_pb_section][et_pb_section fb_built=&#8221;1&#8243; custom_padding_last_edited=&#8221;on|desktop&#8221; admin_label=&#8221;Section&#8221; module_id=&#8221;contenido&#8221; _builder_version=&#8221;3.22&#8243; custom_padding_tablet=&#8221;50px|0|50px|0&#8243; custom_padding_phone=&#8221;&#8221; transparent_background=&#8221;off&#8221; padding_mobile=&#8221;off&#8221; make_fullwidth=&#8221;off&#8221; use_custom_width=&#8221;off&#8221; width_unit=&#8221;on&#8221;][et_pb_row admin_label=&#8221;Row&#8221; _builder_version=&#8221;3.25&#8243; background_size=&#8221;initial&#8221; background_position=&#8221;top_left&#8221; background_repeat=&#8221;repeat&#8221; column_structure=&#8221;1_3,1_3,1_3&#8243;][et_pb_column type=&#8221;1_3&#8243; _builder_version=&#8221;3.25&#8243; custom_padding=&#8221;|||&#8221; custom_padding__hover=&#8221;|||&#8221;][et_pb_blurb url=&#8221;http:\/\/www.alba-molina.com\/es\/servicios\/coaching-integral-de-vida-con-pnl\/&#8221; image=&#8221;http:\/\/www.alba-molina.com\/es\/wp-content\/uploads\/sites\/2\/2015\/10\/couch-integral-de-vida-con-pnl.jpg&#8221; image_max_width=&#8221;none&#8221; admin_label=&#8221;Blurb&#8221; _builder_version=&#8221;3.0.87&#8243; background_size=&#8221;initial&#8221; background_position=&#8221;top_left&#8221; background_repeat=&#8221;repeat&#8221; animation=&#8221;bottom&#8221; use_border_color=&#8221;off&#8221; border_color=&#8221;#ffffff&#8221; border_style=&#8221;solid&#8221;]<\/p>\n<p style=\"text-align: center\">Un autom\u00f3vil podr\u00eda ser precioso por fuera; pero si su motor tiene partes descompuestas, no lograr\u00eda llegar a ning\u00fan lado.\u00a0Igual nos sucede a nosotros: Es necesario estar en balance en todas las \u00e1reas del ser para vivir en gozo, libertad, crecimiento, paz, y Amor Incondicional.<\/p>\n<p>[\/et_pb_blurb][\/et_pb_column][et_pb_column type=&#8221;1_3&#8243; _builder_version=&#8221;3.25&#8243; custom_padding=&#8221;|||&#8221; custom_padding__hover=&#8221;|||&#8221;][et_pb_blurb url=&#8221;http:\/\/www.alba-molina.com\/es\/servicios\/talleres-concierto\/&#8221; image=&#8221;http:\/\/www.alba-molina.com\/es\/wp-content\/uploads\/sites\/2\/2015\/10\/talleres-concierto.jpg&#8221; image_max_width=&#8221;none&#8221; admin_label=&#8221;Blurb&#8221; _builder_version=&#8221;3.0.87&#8243; background_size=&#8221;initial&#8221; background_position=&#8221;top_left&#8221; background_repeat=&#8221;repeat&#8221; animation=&#8221;bottom&#8221; use_border_color=&#8221;off&#8221; border_color=&#8221;#ffffff&#8221; border_style=&#8221;solid&#8221;]<\/p>\n<p style=\"text-align: center\"><span lang=\"ES-TRAD\">La teor\u00eda te instruye.\u00a0<\/span><span lang=\"ES-TRAD\">El arte te nutre el alma.\u00a0<\/span><span lang=\"ES-TRAD\">Los ejercicios pr\u00e1cticos te ayudan a entender a\u00fan m\u00e1s.\u00a0<\/span><span lang=\"ES-TRAD\">El compartir la experiencia con otros te transforma y divierte.\u00a0<\/span><span lang=\"ES-TRAD\">Pero si todos estos elementos est\u00e1n enfocados en un mismo objetivo,\u00a0<\/span><span lang=\"ES-TRAD\">tu vida entera puede cambiar para siempre!<\/span><\/p>\n<p>[\/et_pb_blurb][\/et_pb_column][et_pb_column type=&#8221;1_3&#8243; _builder_version=&#8221;3.25&#8243; custom_padding=&#8221;|||&#8221; custom_padding__hover=&#8221;|||&#8221;][et_pb_blurb url=&#8221;http:\/\/www.alba-molina.com\/es\/servicios\/charlas-concierto\/&#8221; image=&#8221;http:\/\/www.alba-molina.com\/es\/wp-content\/uploads\/sites\/2\/2015\/10\/charlas-concierto2.jpg&#8221; image_max_width=&#8221;none&#8221; admin_label=&#8221;Blurb&#8221; _builder_version=&#8221;3.0.87&#8243; background_size=&#8221;initial&#8221; background_position=&#8221;top_left&#8221; background_repeat=&#8221;repeat&#8221; animation=&#8221;bottom&#8221; use_border_color=&#8221;off&#8221; border_color=&#8221;#ffffff&#8221; border_style=&#8221;solid&#8221;]<\/p>\n<p style=\"text-align: center\">Escuchar una charla <strong><em>motivacional<\/em><\/strong> te puede llenar de entusiasmo\u2026 por un tiempo.\u00a0Si esa charla va acompa\u00f1ada de canciones de <strong><em>inspiraci\u00f3n <\/em><\/strong><em>con el mismo tema<\/em>, ambos hemisferios de tu cerebro encarnar\u00e1n el mensaje con mucha mayor profundidad.<\/p>\n<p>[\/et_pb_blurb][\/et_pb_column][\/et_pb_row][et_pb_row admin_label=&#8221;Row&#8221; _builder_version=&#8221;3.25&#8243; background_size=&#8221;initial&#8221; background_position=&#8221;top_left&#8221; background_repeat=&#8221;repeat&#8221;][et_pb_column type=&#8221;4_4&#8243; _builder_version=&#8221;3.25&#8243; custom_padding=&#8221;|||&#8221; custom_padding__hover=&#8221;|||&#8221;][et_pb_text admin_label=&#8221;Text&#8221; _builder_version=&#8221;3.27.4&#8243; background_size=&#8221;initial&#8221; background_position=&#8221;top_left&#8221; background_repeat=&#8221;repeat&#8221; use_border_color=&#8221;off&#8221; border_color=&#8221;#ffffff&#8221; border_style=&#8221;solid&#8221;]<\/p>\n<h2>Beneficios<\/h2>\n<p>Son incontables los beneficios de esta modalidad que ha tenido tant\u00edsimo auge a nivel internacional entre los profesionales que han decidido adoptar un Coach de Vida individual, para sobresalir de entre la multitud al brillar su luz m\u00e1s radiante.<\/p>\n<ul>\n<li>Aumento de la autoestima y auto-respeto<\/li>\n<li>Mayor auto-confianza<\/li>\n<li>Decisi\u00f3n de tomar las riendas de su vida<\/li>\n<li>Desarrolla capacidades de liderazgo<\/li>\n<li>Incremento de la motivaci\u00f3n e ilusi\u00f3n a futuro<\/li>\n<li>Mayor asertividad<\/li>\n<li>Mayor capacidad de compromiso consigo mismo y los dem\u00e1s<\/li>\n<li>M\u00e1s perseverancia<\/li>\n<li>Mejores relaciones interpersonales<\/li>\n<li>M\u00e1s libertad<\/li>\n<li>M\u00e1s productividad<\/li>\n<li>M\u00e1s creatividad<\/li>\n<li>M\u00e1s paciencia<\/li>\n<li>Mayor capacidad de aprecio y asombro<\/li>\n<li>Incremento en la gratitud<\/li>\n<li>Capacidad de valoraci\u00f3n y priorizaci\u00f3n<\/li>\n<li>Mejor\u00eda notoria en los patrones del sue\u00f1o<\/li>\n<\/ul>\n<p>[\/et_pb_text][\/et_pb_column][\/et_pb_row][\/et_pb_section]<\/p>\n","protected":false},"excerpt":{"rendered":"<p>&nbsp; &#8220;Es un gran privilegio el poder hacer la diferencia en el mundo. Hag\u00e1moslo bas\u00e1ndonos en el gozo de contribuir con nuestras cualidades y talentos donde se necesiten. Esta es la mejor forma de mostrar gratitud por lo que nos fue dado!&#8221; ~Alba&nbsp;Un autom\u00f3vil podr\u00eda ser precioso por fuera; pero si su motor tiene partes [&hellip;]<\/p>\n","protected":false},"author":1,"featured_media":0,"parent":0,"menu_order":15,"comment_status":"closed","ping_status":"closed","template":"","meta":{"_et_pb_use_builder":"on","_et_pb_old_content":"","_et_gb_content_width":"","_monsterinsights_skip_tracking":false,"_monsterinsights_sitenote_active":false,"_monsterinsights_sitenote_note":"","_monsterinsights_sitenote_category":0,"footnotes":""},"class_list":["post-88","page","type-page","status-publish","hentry"],"_links":{"self":[{"href":"https:\/\/alba-molina.com\/es\/wp-json\/wp\/v2\/pages\/88","targetHints":{"allow":["GET"]}}],"collection":[{"href":"https:\/\/alba-molina.com\/es\/wp-json\/wp\/v2\/pages"}],"about":[{"href":"https:\/\/alba-molina.com\/es\/wp-json\/wp\/v2\/types\/page"}],"author":[{"embeddable":true,"href":"https:\/\/alba-molina.com\/es\/wp-json\/wp\/v2\/users\/1"}],"replies":[{"embeddable":true,"href":"https:\/\/alba-molina.com\/es\/wp-json\/wp\/v2\/comments?post=88"}],"version-history":[{"count":1,"href":"https:\/\/alba-molina.com\/es\/wp-json\/wp\/v2\/pages\/88\/revisions"}],"predecessor-version":[{"id":1169,"href":"https:\/\/alba-molina.com\/es\/wp-json\/wp\/v2\/pages\/88\/revisions\/1169"}],"wp:attachment":[{"href":"https:\/\/alba-molina.com\/es\/wp-json\/wp\/v2\/media?parent=88"}],"curies":[{"name":"wp","href":"https:\/\/api.w.org\/{rel}","templated":true}]}}