{"id":86,"date":"2015-10-16T01:52:37","date_gmt":"2015-10-16T01:52:37","guid":{"rendered":"http:\/\/www.albamolinavisionguide.com\/es\/?page_id=86"},"modified":"2021-01-02T20:38:33","modified_gmt":"2021-01-02T20:38:33","slug":"programacion-neurolinguistica-pnl-y-coaching","status":"publish","type":"page","link":"https:\/\/alba-molina.com\/es\/programacion-neurolinguistica-pnl-y-coaching\/","title":{"rendered":"Programaci\u00f3n Neuroling\u00fc\u00edstica (PNL) y Coaching"},"content":{"rendered":"<p>[et_pb_section fb_built=&#8221;1&#8243; custom_padding_last_edited=&#8221;on|desktop&#8221; admin_label=&#8221;section&#8221; module_class=&#8221;bgp03&#8243; _builder_version=&#8221;4.7.7&#8243; background_color=&#8221;#ffffff&#8221; background_image=&#8221;https:\/\/alba-molina.com\/es\/wp-content\/uploads\/sites\/2\/2015\/10\/pnl.jpg&#8221; custom_padding_tablet=&#8221;50px|0|50px|0&#8243; custom_padding_phone=&#8221;&#8221; hover_enabled=&#8221;0&#8243; custom_css_main_element=&#8221;height: 100vh;&#8221; title_text=&#8221;pnl&#8221; sticky_enabled=&#8221;0&#8243;][et_pb_row padding_mobile=&#8221;off&#8221; column_padding_mobile=&#8221;on&#8221; admin_label=&#8221;row&#8221; _builder_version=&#8221;3.25&#8243; background_size=&#8221;initial&#8221; background_position=&#8221;top_left&#8221; background_repeat=&#8221;repeat&#8221; custom_css_main_element=&#8221;padding-top:5%;&#8221; make_fullwidth=&#8221;off&#8221; use_custom_width=&#8221;off&#8221; width_unit=&#8221;on&#8221;][et_pb_column type=&#8221;4_4&#8243; _builder_version=&#8221;3.25&#8243; custom_padding=&#8221;|||&#8221; custom_padding__hover=&#8221;|||&#8221;][et_pb_post_title meta=&#8221;off&#8221; featured_image=&#8221;off&#8221; text_color=&#8221;light&#8221; admin_label=&#8221;Post Title&#8221; _builder_version=&#8221;3.0.87&#8243; title_font_size=&#8221;36px&#8221; title_all_caps=&#8221;off&#8221; background_color=&#8221;rgba(255,255,255,0)&#8221; parallax=&#8221;on&#8221; text_orientation=&#8221;center&#8221; custom_css_main_element=&#8221;text-shadow: 0px 0px 6px rgba(0, 0, 0, 1);&#8221; parallax_effect=&#8221;on&#8221; module_bg_color=&#8221;rgba(255,255,255,0)&#8221; use_border_color=&#8221;off&#8221; border_color=&#8221;#ffffff&#8221; border_style=&#8221;solid&#8221;][\/et_pb_post_title][et_pb_text admin_label=&#8221;Text&#8221; _builder_version=&#8221;3.27.4&#8243; background_size=&#8221;initial&#8221; background_position=&#8221;top_left&#8221; background_repeat=&#8221;repeat&#8221; background_layout=&#8221;dark&#8221; custom_css_main_element=&#8221;text-shadow: 0px 0px 6px rgba(0, 0, 0, 1);&#8221; use_border_color=&#8221;off&#8221; border_color=&#8221;#ffffff&#8221; border_style=&#8221;solid&#8221;]<\/p>\n<p style=\"text-align: center\"><span class=\"quote\"><br \/>\nLa Sabidur\u00eda ya est\u00e1 dentro de cada uno de nosotros.<br \/>\nEs nuestra opci\u00f3n y privilegio el liberar su potencial o ignorarla.<br \/>\n~ Alba<br \/>\n<\/span><\/p>\n<p>[\/et_pb_text][et_pb_image src=&#8221;http:\/\/www.alba-molina.com\/es\/wp-content\/uploads\/sites\/2\/2015\/10\/arrow.png&#8221; alt=&#8221;Continuar leyendo&#8221; title_text=&#8221;Continuar leyendo&#8221; url=&#8221;#contenido&#8221; align=&#8221;center&#8221; align_tablet=&#8221;center&#8221; align_last_edited=&#8221;on|desktop&#8221; admin_label=&#8221;Image&#8221; _builder_version=&#8221;3.23&#8243; use_border_color=&#8221;off&#8221; border_color=&#8221;#ffffff&#8221; border_style=&#8221;solid&#8221; animation=&#8221;off&#8221; sticky=&#8221;off&#8221; always_center_on_mobile=&#8221;on&#8221;][\/et_pb_image][\/et_pb_column][\/et_pb_row][\/et_pb_section][et_pb_section fb_built=&#8221;1&#8243; custom_padding_last_edited=&#8221;on|desktop&#8221; admin_label=&#8221;Section&#8221; module_id=&#8221;contenido&#8221; _builder_version=&#8221;3.22&#8243; custom_padding_tablet=&#8221;50px|0|50px|0&#8243; custom_padding_phone=&#8221;&#8221; transparent_background=&#8221;off&#8221; padding_mobile=&#8221;off&#8221; make_fullwidth=&#8221;off&#8221; use_custom_width=&#8221;off&#8221; width_unit=&#8221;on&#8221;][et_pb_row admin_label=&#8221;Row&#8221; _builder_version=&#8221;3.25&#8243; background_size=&#8221;initial&#8221; background_position=&#8221;top_left&#8221; background_repeat=&#8221;repeat&#8221; column_structure=&#8221;3_4,1_4&#8243;][et_pb_column type=&#8221;3_4&#8243; _builder_version=&#8221;3.25&#8243; custom_padding=&#8221;|||&#8221; custom_padding__hover=&#8221;|||&#8221;][et_pb_text admin_label=&#8221;Text&#8221; _builder_version=&#8221;3.27.4&#8243; background_size=&#8221;initial&#8221; background_position=&#8221;top_left&#8221; background_repeat=&#8221;repeat&#8221; use_border_color=&#8221;off&#8221; border_color=&#8221;#ffffff&#8221; border_style=&#8221;solid&#8221;]Desde que est\u00e1bamos en el vientre materno, el hemisferio izquierdo de nuestro cerebro ha venido acumulando una serie de creencias y patrones de vida, conforme a nuestra interpretaci\u00f3n de los hechos. Algunas veces se basa en experiencias reales que le sucedieron a uno o a otros. Ese juicio produce una reacci\u00f3n emocional al respecto y lo etiqueta (amenazante, inofensivo, emocionante, placentero, vergonzoso, etc.).<br \/>\nEsa interpretaci\u00f3n no siempre va a ser objetiva y a menudo es una simple asociaci\u00f3n con otros eventos que resultaron parecidos en algo.<\/p>\n<p>Esa serie de creencias dictan la forma en que enfrentamos la vida y -con la intenci\u00f3n de protegernos- nuestro hemisferio izquierdo nos alerta con temor ante situaciones que podr\u00edan ser una amenaza potencial\u2026 antes de que podamos siquiera comprobarlo.<\/p>\n<p>Muchas personas viven su vida haciendo caso a ese mont\u00f3n de alarmas por eventos ficticios, impidi\u00e9ndose crecer y aprender y (lo que es peor) no se dan permiso de disfrutar la vida por el temor infundado. Esa actitud se convierte en h\u00e1bito (y hasta en adicci\u00f3n) y como resultado, esos individuos auto-sabotean su \u00e9xito, su libertad y su gozo.<\/p>\n<p>La PNL es un poderoso instrumento que nos ofrece estrategias de vida y mecanismos para re-programar los conceptos limitantes y desbloquear el potencial del ser.<br \/>\nSe apoya en la creatividad y la comunicaci\u00f3n para generar nuevos h\u00e1bitos de pensamiento y permitirle al individuo convertirse en el autor de su vida en forma desprejuiciada y objetiva. Literalmente, el cliente renueva su paradigma de vida lo cual es equivalente a \u201creformatear el disco duro de una computadora\u201d.<\/p>\n<p>Hay muchas t\u00e9cnicas de gran utilidad en PNL que se pueden utilizar en las sesiones de Coaching de Vida. Esto aumenta tremendamente las oportunidades de \u00e9xito permanente, siempre y cuando el cliente colabore con un compromiso firme de aplicar las t\u00e9cnicas de refuerzo fuera de las sesiones, y que su deseo de cambio sea aut\u00e9ntico y fuerte.<\/p>\n<p>Se requiere al menos 21 d\u00edas para crear un nuevo h\u00e1bito; pero al menos 90 d\u00edas para haber borrado una costumbre indeseada, instalar el nuevo comportamiento, y reforzarlo hasta que se convierta en el nuevo h\u00e1bito de vida.<br \/>\nEs por esto que si un cliente s\u00f3lo asiste a una sesi\u00f3n aislada, no importa cu\u00e1nto le haya convencido la informaci\u00f3n descubierta, es probable que no se genere un cambio duradero ya que el cerebro reclamar\u00e1 su antigua zona de confort (aunque sea evidentemente nociva) y cuando menos lo note habr\u00e1 regresado al antiguo h\u00e1bito!<\/p>\n<p>Por lo tanto, se recomienda asumir procesos trimestrales (12 sesiones en 90 d\u00edas) si se desea lograr una transformaci\u00f3n de vida permanente. Al finalizar los tres meses, tanto el Coach como el Coachee eval\u00faan los resultados y se determina si se desea plantear nuevas metas para continuar la aventura de crecimiento y re-invenci\u00f3n del ser.[\/et_pb_text][\/et_pb_column][et_pb_column type=&#8221;1_4&#8243; _builder_version=&#8221;3.25&#8243; custom_padding=&#8221;|||&#8221; custom_padding__hover=&#8221;|||&#8221;][et_pb_sidebar area=&#8221;sidebar-1&#8243; admin_label=&#8221;Sidebar&#8221; _builder_version=&#8221;3.0.74&#8243; remove_border=&#8221;off&#8221;][\/et_pb_sidebar][\/et_pb_column][\/et_pb_row][\/et_pb_section]<\/p>\n","protected":false},"excerpt":{"rendered":"<p>La Sabidur\u00eda ya est\u00e1 dentro de cada uno de nosotros. Es nuestra opci\u00f3n y privilegio el liberar su potencial o ignorarla. ~ Alba Desde que est\u00e1bamos en el vientre materno, el hemisferio izquierdo de nuestro cerebro ha venido acumulando una serie de creencias y patrones de vida, conforme a nuestra interpretaci\u00f3n de los hechos. Algunas [&hellip;]<\/p>\n","protected":false},"author":1,"featured_media":0,"parent":0,"menu_order":13,"comment_status":"closed","ping_status":"closed","template":"","meta":{"_et_pb_use_builder":"on","_et_pb_old_content":"","_et_gb_content_width":"","_monsterinsights_skip_tracking":false,"_monsterinsights_sitenote_active":false,"_monsterinsights_sitenote_note":"","_monsterinsights_sitenote_category":0,"footnotes":""},"class_list":["post-86","page","type-page","status-publish","hentry"],"_links":{"self":[{"href":"https:\/\/alba-molina.com\/es\/wp-json\/wp\/v2\/pages\/86","targetHints":{"allow":["GET"]}}],"collection":[{"href":"https:\/\/alba-molina.com\/es\/wp-json\/wp\/v2\/pages"}],"about":[{"href":"https:\/\/alba-molina.com\/es\/wp-json\/wp\/v2\/types\/page"}],"author":[{"embeddable":true,"href":"https:\/\/alba-molina.com\/es\/wp-json\/wp\/v2\/users\/1"}],"replies":[{"embeddable":true,"href":"https:\/\/alba-molina.com\/es\/wp-json\/wp\/v2\/comments?post=86"}],"version-history":[{"count":2,"href":"https:\/\/alba-molina.com\/es\/wp-json\/wp\/v2\/pages\/86\/revisions"}],"predecessor-version":[{"id":1166,"href":"https:\/\/alba-molina.com\/es\/wp-json\/wp\/v2\/pages\/86\/revisions\/1166"}],"wp:attachment":[{"href":"https:\/\/alba-molina.com\/es\/wp-json\/wp\/v2\/media?parent=86"}],"curies":[{"name":"wp","href":"https:\/\/api.w.org\/{rel}","templated":true}]}}