{"id":370,"date":"2015-10-27T05:17:18","date_gmt":"2015-10-27T05:17:18","guid":{"rendered":"http:\/\/www.albamolinavisionguide.com\/es\/?page_id=370"},"modified":"2021-01-02T21:09:23","modified_gmt":"2021-01-02T21:09:23","slug":"testimonios","status":"publish","type":"page","link":"https:\/\/alba-molina.com\/es\/testimonios\/","title":{"rendered":"Testimonios"},"content":{"rendered":"<p>[et_pb_section fb_built=&#8221;1&#8243; custom_padding_last_edited=&#8221;on|desktop&#8221; admin_label=&#8221;section&#8221; _builder_version=&#8221;4.7.7&#8243; background_image=&#8221;https:\/\/alba-molina.com\/es\/wp-content\/uploads\/sites\/2\/2021\/01\/dawn.jpg&#8221; custom_padding_tablet=&#8221;50px|0|50px|0&#8243; hover_enabled=&#8221;0&#8243; custom_css_main_element=&#8221;height: 100vh;&#8221; transparent_background=&#8221;off&#8221; padding_mobile=&#8221;off&#8221; make_fullwidth=&#8221;off&#8221; use_custom_width=&#8221;off&#8221; width_unit=&#8221;on&#8221; title_text=&#8221;dawn&#8221; sticky_enabled=&#8221;0&#8243;][et_pb_row padding_mobile=&#8221;off&#8221; column_padding_mobile=&#8221;on&#8221; admin_label=&#8221;row&#8221; _builder_version=&#8221;3.25&#8243; background_size=&#8221;initial&#8221; background_position=&#8221;top_left&#8221; background_repeat=&#8221;repeat&#8221; custom_css_main_element=&#8221;padding-top:5%;&#8221; make_fullwidth=&#8221;off&#8221; use_custom_width=&#8221;off&#8221; width_unit=&#8221;on&#8221;][et_pb_column type=&#8221;4_4&#8243; _builder_version=&#8221;3.25&#8243; custom_padding=&#8221;|||&#8221; custom_padding__hover=&#8221;|||&#8221;][et_pb_post_title meta=&#8221;off&#8221; featured_image=&#8221;off&#8221; text_color=&#8221;light&#8221; admin_label=&#8221;Post Title&#8221; _builder_version=&#8221;3.0.87&#8243; title_font_size=&#8221;36px&#8221; title_all_caps=&#8221;off&#8221; background_color=&#8221;rgba(255,255,255,0)&#8221; parallax=&#8221;on&#8221; parallax_method=&#8221;off&#8221; text_orientation=&#8221;center&#8221; custom_css_main_element=&#8221;text-shadow: 0px 0px 6px rgba(0, 0, 0, 1);&#8221; parallax_effect=&#8221;on&#8221; module_bg_color=&#8221;rgba(255,255,255,0)&#8221; use_border_color=&#8221;off&#8221; border_color=&#8221;#ffffff&#8221; border_style=&#8221;solid&#8221;][\/et_pb_post_title][et_pb_text admin_label=&#8221;Text&#8221; _builder_version=&#8221;3.27.4&#8243; background_size=&#8221;initial&#8221; background_position=&#8221;top_left&#8221; background_repeat=&#8221;repeat&#8221; background_layout=&#8221;dark&#8221; custom_css_main_element=&#8221;text-shadow: 0px 0px 6px rgba(0, 0, 0, 1);&#8221; use_border_color=&#8221;off&#8221; border_color=&#8221;#ffffff&#8221; border_style=&#8221;solid&#8221;]<\/p>\n<p style=\"text-align: center\"><span class=\"quote\"><br \/>\n\u201cLa vida seguir\u00e1 sin m\u00ed,<br \/>\nMas mi aporte siempre vivir\u00e1.<br \/>\nMis dones quiero compartir<br \/>\nSin ver qui\u00e9n los recibir\u00e1.<br \/>\n~Alba<\/span><\/p>\n<p style=\"text-align: center\"><span class=\"reference\">(Extracto de la canci\u00f3n \u201cDeclaraci\u00f3n\u201d de la producci\u00f3n \u201cFluyendo\u201d)<\/span><\/p>\n<p>[\/et_pb_text][et_pb_image src=&#8221;http:\/\/www.alba-molina.com\/es\/wp-content\/uploads\/sites\/2\/2015\/10\/arrow.png&#8221; alt=&#8221;Continuar leyendo&#8221; title_text=&#8221;Continuar leyendo&#8221; url=&#8221;#contenido&#8221; align=&#8221;center&#8221; align_tablet=&#8221;center&#8221; align_last_edited=&#8221;on|desktop&#8221; admin_label=&#8221;Image&#8221; _builder_version=&#8221;3.23&#8243; use_border_color=&#8221;off&#8221; border_color=&#8221;#ffffff&#8221; border_style=&#8221;solid&#8221; animation=&#8221;off&#8221; sticky=&#8221;off&#8221; always_center_on_mobile=&#8221;on&#8221;][\/et_pb_image][\/et_pb_column][\/et_pb_row][\/et_pb_section][et_pb_section fb_built=&#8221;1&#8243; custom_padding_last_edited=&#8221;on|desktop&#8221; admin_label=&#8221;Section&#8221; module_id=&#8221;contenido&#8221; _builder_version=&#8221;3.22&#8243; custom_padding_tablet=&#8221;50px|0|50px|0&#8243; transparent_background=&#8221;off&#8221; padding_mobile=&#8221;off&#8221; make_fullwidth=&#8221;off&#8221; use_custom_width=&#8221;off&#8221; width_unit=&#8221;on&#8221;][et_pb_row admin_label=&#8221;Row&#8221; _builder_version=&#8221;3.25&#8243; background_size=&#8221;initial&#8221; background_position=&#8221;top_left&#8221; background_repeat=&#8221;repeat&#8221; column_structure=&#8221;3_4,1_4&#8243;][et_pb_column type=&#8221;3_4&#8243; _builder_version=&#8221;3.25&#8243; custom_padding=&#8221;|||&#8221; custom_padding__hover=&#8221;|||&#8221;][et_pb_text admin_label=&#8221;Text&#8221; _builder_version=&#8221;3.27.4&#8243; background_size=&#8221;initial&#8221; background_position=&#8221;top_left&#8221; background_repeat=&#8221;repeat&#8221; use_border_color=&#8221;off&#8221; border_color=&#8221;#ffffff&#8221; border_style=&#8221;solid&#8221;]<\/p>\n<h2 style=\"text-align: center\">Testimonios acerca de Mis Talleres<\/h2>\n<blockquote><p>&#8220;Particip\u00e9 en el Taller MUJER: Fuente de Vida y Poder impartido por Alba Molina y sin duda, fue una bendici\u00f3n de Dios, que lleg\u00f3 a mi vida en el momento justo, me abri\u00f3 los ojos a una serie de realidades que tenia dormidas en mi memoria y me hizo entender lo incre\u00edblemente valiosa que soy. He pasado mi vida complaciendo a los dem\u00e1s sin esperar nada a cambio, incluso a costa de mi propia felicidad, y entend\u00ed que eso no es lo que Dios quiere para mi. Dios quiere que yo sea feliz aqu\u00ed y ahora, y la felicidad no viene de elementos externos, la felicidad es una actitud.<br \/>\nY yo he tomado la decisi\u00f3n de ser feliz!!!<\/p>\n<p>Este tipo de talleres son las enormes peque\u00f1as ayudas que una mujer debe darse a s\u00ed misma: la colaboraci\u00f3n externa de quien expone su propio testimonio para impartir el bien entre sus cong\u00e9neres, de una forma ordenada, inteligente y absolutamente alejada del destructivo concepto feminista.\u201d<\/p>\n<p><strong>Lic. Silvia Luconi<\/strong><br \/>\nAbogada y Notario Publico<br \/>\nSan Jose, Costa Rica<\/p><\/blockquote>\n<blockquote><p>\u201cNunca es tarde para comenzar nuevamente; les recomiendo de verdad este taller.<br \/>\nExcelente regalo para hacernos y pensar en nosotras.\u201d<br \/>\n<strong>Emma Beirute<br \/>\n<\/strong>Odont\u00f3loga<br \/>\nPoder Judicial<\/p>\n<p><strong>&nbsp;<\/strong><\/p><\/blockquote>\n<blockquote><p>&#8220;Tengo muchos a\u00f1os de trabajar en temas de g\u00e9nero y de asistir a seminarios de empoderamiento de mujeres. En el taller Mujer: Fuente de Vida y Poder, que imparte Alba Molina el enfoque es novedoso e inspirador. Realmente algo distinto y refrescante que ninguna mujer que quiera reinventarse y redescubrirse puede perderse!\u201d<br \/>\n<strong>Laura Arias Pacheco<br \/>\n<\/strong>Gerente de B\u00ea Arte Ind\u00edgena<span class=\"Apple-converted-space\"><br \/>\n<\/span>Promotora de mujeres tejedoras ind\u00edgenas<\/p><\/blockquote>\n<blockquote>\n<p class=\"p1\">He tenido el placer de conocer a Alba Molina por alg\u00fan tiempo, y he tenido la fortuna de asistir a uno de sus talleres de crecimiento y bienestar, el cual incluye conversaci\u00f3n, mensajes de motivaci\u00f3n y un talento musical maravilloso. Ella logr\u00f3 conquistar a los asistentes en la sesi\u00f3n de nuestro club Rotario Oeste, en ciudad de Panam\u00e1, y de haberse quedado por m\u00e1s tiempo en la ciudad durante su \u00faltimo viaje, yo me habr\u00eda asegurado de recomendarla para sesiones adicionales en otros grupos.<\/p>\n<p class=\"p1\">Alba es una mujer muy especial con profundas bases espirituales, una cautivante comunicadora y una talentosa oradora motivacional.<\/p>\n<p class=\"p1\">La tengo en mente para otros eventos que estar\u00e9 organizando en un futuro cercano en Panam\u00e1 y a lo largo de Centro Am\u00e9rica.<\/p>\n<p class=\"p1\">Escucharla es un placer que nadie deber\u00eda perderse, y mi amistad personal con ella (lo cual no influye en este testimonio) es una bendici\u00f3n personal.<\/p>\n<p class=\"p1\">Cordialmente,<br \/>\n<strong>Franz M. Garc\u00eda de Paredes<\/strong><br \/>\nCEO, Latin America Synergies<br \/>\nDistrict Governor (2016-17), Rotary International District 4240<\/p>\n<\/blockquote>\n<blockquote>\n<p class=\"p1\">\u201cAlba Molina es m\u00e1s que una Coach de Vida. Tiene mucha capacidad para guiar y sugerir t\u00e9cnicas gen\u00e9ricas maravillosas y apropiadas que pueden ayudarlo a uno a encontrar mayor balance, prop\u00f3sito y felicidad. Pero, m\u00e1s significativo que eso, ella tiene la admirable habilidad de ver mucho m\u00e1s profundamente en la experiencia de vida de la persona y su individualidad para revelarle oportunidades \u00fanicas para su crecimiento y expansi\u00f3n.<br \/>\nAlba definitivamente tiene un don!\u201d<\/p>\n<p class=\"p1\"><strong><i>Douglas Stenstrom Jr.&nbsp;<\/i><\/strong><\/p>\n<\/blockquote>\n<blockquote><p>Alba no solamente es una excelente persona y reconocida cantautora, sino que ha demostrado su profesionalismo y excelencia como coach, brindando la orientaci\u00f3n necesaria en el momento oportuno, a todas nosotras las mujeres que en alg\u00fan momento de nuestras vidas hemos tenido la oportunidad de enriquecernos con su amplio conocimiento.<\/p>\n<p>\u00a1Gracias Alba por todo lo bueno que has aportado y segu\u00eds aportando a tantas personas!<\/p>\n<p><em><strong>Ligia Vargas J.<\/strong><br \/>\n<\/em><em>Co-propietaria y Directora Regional de IVI DMC<br \/>\n<\/em><em>Para Costa Rica, Panam\u00e1 y Nicaragua<\/em><\/p><\/blockquote>\n<blockquote><p>\u201cDurante mucho tiempo viv\u00ed bajo patrones negativos que no constru\u00edan nada bueno en mi vida, pero esa forma de vivir era la \u00fanica que yo conoc\u00eda, hasta que un d\u00eda, despu\u00e9s de una experiencia bastante dolorosa que sucedi\u00f3 como consecuencia de mis malas decisiones, decid\u00ed buscar ayuda.<\/p>\n<p>Ah\u00ed fue donde empec\u00e9 mi terapia con Alba y entre muchas otras cosas que agradezco sobre la terapia recibida puedo destacar la superaci\u00f3n de mis temores, aprender a tomar mejores decisiones, definir qu\u00e9 es lo que realmente me llena en mi vida profesional y personal y principalmente haber aprendido a amarme y a estar satisfecho con la persona que soy.\u201d<\/p>\n<p><strong>Oscar Duarte<\/strong><br \/>\nDise\u00f1ador Gr\u00e1fico<\/p><\/blockquote>\n<p>[\/et_pb_text][\/et_pb_column][et_pb_column type=&#8221;1_4&#8243; _builder_version=&#8221;3.25&#8243; custom_padding=&#8221;|||&#8221; custom_padding__hover=&#8221;|||&#8221;][et_pb_sidebar area=&#8221;sidebar-1&#8243; admin_label=&#8221;Sidebar&#8221; _builder_version=&#8221;3.0.74&#8243; remove_border=&#8221;off&#8221;][\/et_pb_sidebar][\/et_pb_column][\/et_pb_row][\/et_pb_section]<\/p>\n","protected":false},"excerpt":{"rendered":"<p>\u201cLa vida seguir\u00e1 sin m\u00ed, Mas mi aporte siempre vivir\u00e1. Mis dones quiero compartir Sin ver qui\u00e9n los recibir\u00e1. ~Alba (Extracto de la canci\u00f3n \u201cDeclaraci\u00f3n\u201d de la producci\u00f3n \u201cFluyendo\u201d)Testimonios acerca de Mis Talleres &#8220;Particip\u00e9 en el Taller MUJER: Fuente de Vida y Poder impartido por Alba Molina y sin duda, fue una bendici\u00f3n de Dios, [&hellip;]<\/p>\n","protected":false},"author":1,"featured_media":0,"parent":0,"menu_order":20,"comment_status":"closed","ping_status":"closed","template":"","meta":{"_et_pb_use_builder":"on","_et_pb_old_content":"","_et_gb_content_width":"","_monsterinsights_skip_tracking":false,"_monsterinsights_sitenote_active":false,"_monsterinsights_sitenote_note":"","_monsterinsights_sitenote_category":0,"footnotes":""},"class_list":["post-370","page","type-page","status-publish","hentry"],"_links":{"self":[{"href":"https:\/\/alba-molina.com\/es\/wp-json\/wp\/v2\/pages\/370","targetHints":{"allow":["GET"]}}],"collection":[{"href":"https:\/\/alba-molina.com\/es\/wp-json\/wp\/v2\/pages"}],"about":[{"href":"https:\/\/alba-molina.com\/es\/wp-json\/wp\/v2\/types\/page"}],"author":[{"embeddable":true,"href":"https:\/\/alba-molina.com\/es\/wp-json\/wp\/v2\/users\/1"}],"replies":[{"embeddable":true,"href":"https:\/\/alba-molina.com\/es\/wp-json\/wp\/v2\/comments?post=370"}],"version-history":[{"count":1,"href":"https:\/\/alba-molina.com\/es\/wp-json\/wp\/v2\/pages\/370\/revisions"}],"predecessor-version":[{"id":1187,"href":"https:\/\/alba-molina.com\/es\/wp-json\/wp\/v2\/pages\/370\/revisions\/1187"}],"wp:attachment":[{"href":"https:\/\/alba-molina.com\/es\/wp-json\/wp\/v2\/media?parent=370"}],"curies":[{"name":"wp","href":"https:\/\/api.w.org\/{rel}","templated":true}]}}