{"id":116,"date":"2015-10-16T02:26:36","date_gmt":"2015-10-16T02:26:36","guid":{"rendered":"http:\/\/www.albamolinavisionguide.com\/es\/?page_id=116"},"modified":"2022-06-07T05:17:25","modified_gmt":"2022-06-07T05:17:25","slug":"inicio","status":"publish","type":"page","link":"https:\/\/alba-molina.com\/es\/","title":{"rendered":"Inicio"},"content":{"rendered":"<p>[et_pb_section fb_built=&#8221;1&#8243; fullwidth=&#8221;on&#8221; admin_label=&#8221;Section&#8221; _builder_version=&#8221;3.22&#8243; global_colors_info=&#8221;{}&#8221;][et_pb_fullwidth_slider admin_label=&#8221;Fullwidth Slider&#8221; module_class=&#8221;homeSlider&#8221; _builder_version=&#8221;4.10.8&#8243; background_position=&#8221;top_left&#8221; custom_padding=&#8221;|||&#8221; box_shadow_style=&#8221;preset6&#8243; box_shadow_blur=&#8221;10px&#8221; box_shadow_color=&#8221;rgba(0,0,0,0.1)&#8221; show_inner_shadow=&#8221;on&#8221; global_colors_info=&#8221;{}&#8221; button_text_size__hover_enabled=&#8221;off&#8221; button_one_text_size__hover_enabled=&#8221;off&#8221; button_two_text_size__hover_enabled=&#8221;off&#8221; button_text_color__hover_enabled=&#8221;off&#8221; button_one_text_color__hover_enabled=&#8221;off&#8221; button_two_text_color__hover_enabled=&#8221;off&#8221; button_border_width__hover_enabled=&#8221;off&#8221; button_one_border_width__hover_enabled=&#8221;off&#8221; button_two_border_width__hover_enabled=&#8221;off&#8221; button_border_color__hover_enabled=&#8221;off&#8221; button_one_border_color__hover_enabled=&#8221;off&#8221; button_two_border_color__hover_enabled=&#8221;off&#8221; button_border_radius__hover_enabled=&#8221;off&#8221; button_one_border_radius__hover_enabled=&#8221;off&#8221; button_two_border_radius__hover_enabled=&#8221;off&#8221; button_letter_spacing__hover_enabled=&#8221;off&#8221; button_one_letter_spacing__hover_enabled=&#8221;off&#8221; button_two_letter_spacing__hover_enabled=&#8221;off&#8221; button_bg_color__hover_enabled=&#8221;off&#8221; button_one_bg_color__hover_enabled=&#8221;off&#8221; button_two_bg_color__hover_enabled=&#8221;off&#8221;][et_pb_slide heading=&#8221;Coach Integral de Vida&#8221; button_text=&#8221;M\u00e1s Informaci\u00f3n&#8221; button_link=&#8221;http:\/\/www.alba-molina.com\/es\/biografia\/&#8221; use_bg_overlay=&#8221;off&#8221; use_text_overlay=&#8221;on&#8221; text_overlay_color=&#8221;rgba(1,160,167,0.7)&#8221; _builder_version=&#8221;4.10.8&#8243; header_font_size=&#8221;36&#8243; background_color=&#8221;#ffffff&#8221; background_image=&#8221;https:\/\/alba-molina.com\/es\/wp-content\/uploads\/sites\/2\/2021\/01\/home.jpg&#8221; background_enable_image=&#8221;on&#8221; background_position=&#8221;top_left&#8221; custom_button=&#8221;on&#8221; button_text_color=&#8221;#ffffff&#8221; button_bg_color=&#8221;#01a0a7&#8243; button_border_color=&#8221;#84d1db&#8221; button_use_icon=&#8221;on&#8221; button_on_hover=&#8221;on&#8221; max_width=&#8221;1000px&#8221; header_font_tablet=&#8221;&#8221; header_font_phone=&#8221;&#8221; header_font_last_edited=&#8221;on|desktop&#8221; header_font_size_tablet=&#8221;36&#8243; header_font_size_phone=&#8221;26px&#8221; header_font_size_last_edited=&#8221;on|phone&#8221; button_border_color_hover=&#8221;#84d1db&#8221; button_bg_color_hover=&#8221;#04b5be&#8221; global_colors_info=&#8221;{}&#8221; button_text_size__hover_enabled=&#8221;off&#8221; button_one_text_size__hover_enabled=&#8221;off&#8221; button_two_text_size__hover_enabled=&#8221;off&#8221; button_text_color__hover_enabled=&#8221;off&#8221; button_one_text_color__hover_enabled=&#8221;off&#8221; button_two_text_color__hover_enabled=&#8221;off&#8221; button_border_width__hover_enabled=&#8221;off&#8221; button_one_border_width__hover_enabled=&#8221;off&#8221; button_two_border_width__hover_enabled=&#8221;off&#8221; button_border_color__hover_enabled=&#8221;on&#8221; button_border_color__hover=&#8221;#84d1db&#8221; button_one_border_color__hover_enabled=&#8221;off&#8221; button_two_border_color__hover_enabled=&#8221;off&#8221; button_border_radius__hover_enabled=&#8221;off&#8221; button_one_border_radius__hover_enabled=&#8221;off&#8221; button_two_border_radius__hover_enabled=&#8221;off&#8221; button_letter_spacing__hover_enabled=&#8221;off&#8221; button_one_letter_spacing__hover_enabled=&#8221;off&#8221; button_two_letter_spacing__hover_enabled=&#8221;off&#8221; button_bg_color__hover_enabled=&#8221;on&#8221; button_bg_color__hover=&#8221;#04b5be&#8221; button_one_bg_color__hover_enabled=&#8221;off&#8221; button_two_bg_color__hover_enabled=&#8221;off&#8221; sticky_transition=&#8221;on&#8221;]<\/p>\n<p>\u00a1Te doy la Bienvenida a Alba Molina, Vision Guide!<\/p>\n<p>\u00a1Juntos, hagamos una diferencia \u00fanica en el mundo!<\/p>\n<p>Perm\u00edteme reflejarte la Mejor versi\u00f3n de tu ser<br \/>y guiarte hasta alcanzar la Visi\u00f3n Ideal de tu vida.<\/p>\n<p>[\/et_pb_slide][\/et_pb_fullwidth_slider][\/et_pb_section][et_pb_section fb_built=&#8221;1&#8243; custom_padding_last_edited=&#8221;on|desktop&#8221; admin_label=&#8221;Section&#8221; _builder_version=&#8221;3.22&#8243; background_color=&#8221;#04b5be&#8221; custom_padding_tablet=&#8221;50px|0|50px|0&#8243; custom_padding_phone=&#8221;&#8221; custom_css_main_element=&#8221;padding: 0 !important;&#8221; transparent_background=&#8221;off&#8221; padding_mobile=&#8221;off&#8221; make_fullwidth=&#8221;off&#8221; use_custom_width=&#8221;off&#8221; width_unit=&#8221;on&#8221; global_colors_info=&#8221;{}&#8221;][et_pb_row padding_mobile=&#8221;off&#8221; column_padding_mobile=&#8221;on&#8221; admin_label=&#8221;Row&#8221; _builder_version=&#8221;3.25&#8243; background_size=&#8221;initial&#8221; background_position=&#8221;top_left&#8221; background_repeat=&#8221;repeat&#8221; custom_css_main_element=&#8221;padding: 10px 0 0 0 !important;&#8221; make_fullwidth=&#8221;off&#8221; use_custom_width=&#8221;off&#8221; width_unit=&#8221;on&#8221; global_colors_info=&#8221;{}&#8221;][et_pb_column type=&#8221;4_4&#8243; _builder_version=&#8221;3.25&#8243; custom_padding=&#8221;|||&#8221; global_colors_info=&#8221;{}&#8221; custom_padding__hover=&#8221;|||&#8221;][et_pb_social_media_follow url_new_window=&#8221;off&#8221; admin_label=&#8221;Social Media Follow&#8221; module_class=&#8221;socialFolow&#8221; _builder_version=&#8221;3.0.87&#8243; background_layout=&#8221;dark&#8221; custom_css_main_element=&#8221;width: 202px; margin: 0 auto !Important;&#8221; border_radii=&#8221;on|100%|100%|100%|100%&#8221; link_shape=&#8221;circle&#8221; global_colors_info=&#8221;{}&#8221;][et_pb_social_media_follow_network social_network=&#8221;facebook&#8221; url=&#8221;https:\/\/www.facebook.com\/AlbaMolinaVisionGuide&#8221; _builder_version=&#8221;3.0.74&#8243; background_color=&#8221;rgba(59,89,152,0)&#8221; bg_color=&#8221;rgba(59,89,152,0)&#8221; global_colors_info=&#8221;{}&#8221; follow_button=&#8221;off&#8221; url_new_window=&#8221;off&#8221;] facebook [\/et_pb_social_media_follow_network][et_pb_social_media_follow_network social_network=&#8221;google-plus&#8221; url=&#8221;https:\/\/plus.google.com\/u\/1\/+AlbaMolinaCR\/&#8221; _builder_version=&#8221;3.0.74&#8243; background_color=&#8221;rgba(221,75,57,0)&#8221; bg_color=&#8221;rgba(221,75,57,0)&#8221; global_colors_info=&#8221;{}&#8221; follow_button=&#8221;off&#8221; url_new_window=&#8221;off&#8221;] Google+ [\/et_pb_social_media_follow_network][et_pb_social_media_follow_network social_network=&#8221;twitter&#8221; url=&#8221;https:\/\/twitter.com\/albamolina&#8221; _builder_version=&#8221;3.0.74&#8243; background_color=&#8221;rgba(0,172,237,0)&#8221; bg_color=&#8221;rgba(0,172,237,0)&#8221; global_colors_info=&#8221;{}&#8221; follow_button=&#8221;off&#8221; url_new_window=&#8221;off&#8221;] Twitter [\/et_pb_social_media_follow_network][et_pb_social_media_follow_network social_network=&#8221;youtube&#8221; url=&#8221;https:\/\/www.youtube.com\/channel\/UCVJ&#8211;dOtmen5Qy4NjlQTfOQ&#8221; _builder_version=&#8221;3.0.74&#8243; background_color=&#8221;rgba(168,36,0,0)&#8221; bg_color=&#8221;rgba(168,36,0,0)&#8221; global_colors_info=&#8221;{}&#8221; follow_button=&#8221;off&#8221; url_new_window=&#8221;off&#8221;] Youtube [\/et_pb_social_media_follow_network][et_pb_social_media_follow_network social_network=&#8221;linkedin&#8221; url=&#8221;https:\/\/cr.linkedin.com\/in\/alba-molina&#8221; _builder_version=&#8221;3.0.74&#8243; background_color=&#8221;rgba(0,123,182,0)&#8221; bg_color=&#8221;rgba(0,123,182,0)&#8221; global_colors_info=&#8221;{}&#8221; follow_button=&#8221;off&#8221; url_new_window=&#8221;off&#8221;] LinkedIn [\/et_pb_social_media_follow_network][\/et_pb_social_media_follow][\/et_pb_column][\/et_pb_row][\/et_pb_section][et_pb_section fb_built=&#8221;1&#8243; custom_padding_last_edited=&#8221;on|desktop&#8221; admin_label=&#8221;section&#8221; _builder_version=&#8221;3.22&#8243; background_image=&#8221;http:\/\/www.alba-molina.com\/es\/wp-content\/uploads\/sites\/2\/2015\/10\/silk.jpg&#8221; custom_padding_tablet=&#8221;50px|0|50px|0&#8243; custom_padding_phone=&#8221;&#8221; custom_css_main_element=&#8221;padding-bottom: 0 !important;&#8221; transparent_background=&#8221;off&#8221; padding_mobile=&#8221;off&#8221; make_fullwidth=&#8221;off&#8221; use_custom_width=&#8221;off&#8221; width_unit=&#8221;on&#8221; global_colors_info=&#8221;{}&#8221;][et_pb_row admin_label=&#8221;row&#8221; _builder_version=&#8221;3.25&#8243; background_size=&#8221;initial&#8221; background_position=&#8221;top_left&#8221; background_repeat=&#8221;repeat&#8221; global_colors_info=&#8221;{}&#8221;][et_pb_column type=&#8221;4_4&#8243; _builder_version=&#8221;3.25&#8243; custom_padding=&#8221;|||&#8221; global_colors_info=&#8221;{}&#8221; custom_padding__hover=&#8221;|||&#8221;][et_pb_text admin_label=&#8221;Text&#8221; _builder_version=&#8221;3.27.4&#8243; text_font_size=&#8221;18&#8243; background_size=&#8221;initial&#8221; background_position=&#8221;top_left&#8221; background_repeat=&#8221;repeat&#8221; text_orientation=&#8221;center&#8221; module_alignment=&#8221;center&#8221; use_border_color=&#8221;off&#8221; border_color=&#8221;#ffffff&#8221; border_style=&#8221;solid&#8221; global_colors_info=&#8221;{}&#8221;]<\/p>\n<p style=\"text-align: center\">Si apuramos las cosas, pueden destruirse en el proceso.<br \/>\nSe requiere Paciencia Amorosa para permitir que se d\u00e9 su desarrollo natural<br \/>\ny lograr su potencial m\u00e1s alto.<br \/>\nAlba~<\/p>\n<p>[\/et_pb_text][et_pb_image src=&#8221;http:\/\/www.alba-molina.com\/es\/wp-content\/uploads\/sites\/2\/2015\/10\/ornamental01.png&#8221; align=&#8221;center&#8221; align_tablet=&#8221;center&#8221; align_phone=&#8221;&#8221; align_last_edited=&#8221;on|desktop&#8221; admin_label=&#8221;Image&#8221; _builder_version=&#8221;3.23&#8243; use_border_color=&#8221;off&#8221; border_color=&#8221;#ffffff&#8221; border_style=&#8221;solid&#8221; animation=&#8221;off&#8221; sticky=&#8221;off&#8221; always_center_on_mobile=&#8221;on&#8221; global_colors_info=&#8221;{}&#8221;]&nbsp;[\/et_pb_image][\/et_pb_column][\/et_pb_row][\/et_pb_section][et_pb_section fb_built=&#8221;1&#8243; fullwidth=&#8221;on&#8221; custom_padding_last_edited=&#8221;on|desktop&#8221; admin_label=&#8221;Section&#8221; _builder_version=&#8221;3.22&#8243; custom_padding_tablet=&#8221;50px|0|50px|0&#8243; custom_padding_phone=&#8221;&#8221; custom_css_main_element=&#8221;padding:0 !important;||overflow: hidden;&#8221; transparent_background=&#8221;off&#8221; padding_mobile=&#8221;off&#8221; make_fullwidth=&#8221;off&#8221; use_custom_width=&#8221;off&#8221; width_unit=&#8221;on&#8221; global_colors_info=&#8221;{}&#8221;][et_pb_fullwidth_code admin_label=&#8221;Fullwidth Code&#8221; module_class=&#8221;visionGuide&#8221; global_colors_info=&#8221;{}&#8221;]<\/p>\n<div class=\"fourCols\">\n<div class=\"col\"><img decoding=\"async\" src=\"http:\/\/www.alba-molina.com\/es\/wp-content\/uploads\/sites\/2\/2015\/11\/visualiza.jpg\"><\/div>\n<div class=\"col\"><img decoding=\"async\" src=\"http:\/\/www.alba-molina.com\/es\/wp-content\/uploads\/sites\/2\/2015\/11\/celebra.jpg\"><\/div>\n<div class=\"col\"><img decoding=\"async\" src=\"http:\/\/www.alba-molina.com\/es\/wp-content\/uploads\/sites\/2\/2015\/11\/permite.jpg\"><\/div>\n<div class=\"col\"><img decoding=\"async\" src=\"http:\/\/www.alba-molina.com\/es\/wp-content\/uploads\/sites\/2\/2015\/11\/crea.jpg\"><\/div>\n<\/p><\/div>\n<p>[\/et_pb_fullwidth_code][\/et_pb_section][et_pb_section fb_built=&#8221;1&#8243; custom_padding_last_edited=&#8221;on|desktop&#8221; admin_label=&#8221;Section&#8221; _builder_version=&#8221;3.22&#8243; background_image=&#8221;http:\/\/www.alba-molina.com\/es\/wp-content\/uploads\/sites\/2\/2015\/10\/ornamental-bg01.png&#8221; custom_padding_tablet=&#8221;50px|0|50px|0&#8243; custom_padding_phone=&#8221;&#8221; transparent_background=&#8221;off&#8221; padding_mobile=&#8221;off&#8221; make_fullwidth=&#8221;off&#8221; use_custom_width=&#8221;off&#8221; width_unit=&#8221;on&#8221; global_colors_info=&#8221;{}&#8221;][et_pb_row column_structure=&#8221;1_2,1_2&#8243; padding_mobile=&#8221;off&#8221; column_padding_mobile=&#8221;on&#8221; admin_label=&#8221;Row&#8221; _builder_version=&#8221;3.25&#8243; background_size=&#8221;initial&#8221; background_position=&#8221;top_left&#8221; background_repeat=&#8221;repeat&#8221; custom_css_main_element=&#8221;padding: 100px 0;&#8221; make_fullwidth=&#8221;off&#8221; use_custom_width=&#8221;off&#8221; width_unit=&#8221;on&#8221; global_colors_info=&#8221;{}&#8221;][et_pb_column type=&#8221;1_2&#8243; _builder_version=&#8221;3.25&#8243; custom_padding=&#8221;|||&#8221; global_colors_info=&#8221;{}&#8221; custom_padding__hover=&#8221;|||&#8221;][et_pb_text admin_label=&#8221;Text&#8221; _builder_version=&#8221;3.27.4&#8243; background_size=&#8221;initial&#8221; background_position=&#8221;top_left&#8221; background_repeat=&#8221;repeat&#8221; use_border_color=&#8221;off&#8221; border_color=&#8221;#ffffff&#8221; border_style=&#8221;solid&#8221; global_colors_info=&#8221;{}&#8221;]<\/p>\n<h2>\u00bfQu\u00e9 es Coaching Integral de Vida y como puede ayudarte?<\/h2>\n<p>Un Coach es un Gu\u00eda o Entrenador con preparaci\u00f3n t\u00e9cnica en el campo donde desarrolle sus destrezas. Su funci\u00f3n es conducir a su coachee (cliente) hacia lograr sus objetivos.<\/p>\n<p>Como Coach Integral de Vida con Programaci\u00f3n Neuroling\u00fc\u00edstica, yo me enfoco en ayudarte de una forma emp\u00e1tica (rapport) estableciendo una relaci\u00f3n de confianza y tranquilidad, para comprender tu paradigma actual sin juzgarte. A partir de este punto te presentar\u00e9 objetivamente preguntas clave que sugerir\u00e1n algunas opciones que tal vez a\u00fan no has visto y que te permitir\u00e1n generar las respuestas y soluciones dentro de ti mismo. <a href=\"http:\/\/www.alba-molina.com\/es\/que-es-coaching-de-vida\/\">M\u00e1s informaci\u00f3n<\/a>[\/et_pb_text][\/et_pb_column][et_pb_column type=&#8221;1_2&#8243; _builder_version=&#8221;3.25&#8243; custom_padding=&#8221;|||&#8221; global_colors_info=&#8221;{}&#8221; custom_padding__hover=&#8221;|||&#8221;][et_pb_text admin_label=&#8221;Text&#8221; _builder_version=&#8221;3.27.4&#8243; background_size=&#8221;initial&#8221; background_position=&#8221;top_left&#8221; background_repeat=&#8221;repeat&#8221; use_border_color=&#8221;off&#8221; border_color=&#8221;#ffffff&#8221; border_style=&#8221;solid&#8221; global_colors_info=&#8221;{}&#8221;]<\/p>\n<h2>Beneficios<\/h2>\n<p>Son incontables los beneficios de esta modalidad que ha tenido tant\u00edsimo auge a nivel internacional entre los profesionales que han decidido adoptar un Coach de Vida individual, para sobresalir de entre la multitud al brillar su luz m\u00e1s radiante.<\/p>\n<p>Aumento de la autoestima y auto-respeto<\/p>\n<p>Mayor auto-confianza<br \/>\nDecisi\u00f3n de tomar las riendas de su vida<br \/>\nDesarrolla capacidades de liderazgo<br \/>\nIncremento de la motivaci\u00f3n e ilusi\u00f3n a futuro<br \/>\nMayor asertividad<br \/>\n<a href=\"http:\/\/www.alba-molina.com\/es\/servicios\/\">Y mucho m\u00e1s&#8230;<\/a>[\/et_pb_text][\/et_pb_column][\/et_pb_row][\/et_pb_section][et_pb_section fb_built=&#8221;1&#8243; custom_padding_last_edited=&#8221;on|desktop&#8221; admin_label=&#8221;Section&#8221; _builder_version=&#8221;3.22&#8243; background_image=&#8221;http:\/\/www.alba-molina.com\/es\/wp-content\/uploads\/sites\/2\/2015\/10\/home-call-to-action-bg1.jpg&#8221; custom_padding_tablet=&#8221;50px|0|50px|0&#8243; custom_padding_phone=&#8221;&#8221; transparent_background=&#8221;off&#8221; padding_mobile=&#8221;off&#8221; make_fullwidth=&#8221;off&#8221; use_custom_width=&#8221;off&#8221; width_unit=&#8221;on&#8221; global_colors_info=&#8221;{}&#8221;][et_pb_row padding_mobile=&#8221;off&#8221; column_padding_mobile=&#8221;on&#8221; admin_label=&#8221;Row&#8221; _builder_version=&#8221;3.25&#8243; background_size=&#8221;initial&#8221; background_position=&#8221;top_left&#8221; background_repeat=&#8221;repeat&#8221; global_colors_info=&#8221;{}&#8221;][et_pb_column type=&#8221;4_4&#8243; _builder_version=&#8221;3.25&#8243; custom_padding=&#8221;|||&#8221; global_colors_info=&#8221;{}&#8221; custom_padding__hover=&#8221;|||&#8221;][et_pb_text admin_label=&#8221;Text&#8221; _builder_version=&#8221;3.27.4&#8243; text_font_size=&#8221;18&#8243; background_size=&#8221;initial&#8221; background_position=&#8221;top_left&#8221; background_repeat=&#8221;repeat&#8221; text_orientation=&#8221;center&#8221; background_layout=&#8221;dark&#8221; module_alignment=&#8221;center&#8221; use_border_color=&#8221;off&#8221; border_color=&#8221;#ffffff&#8221; border_style=&#8221;solid&#8221; global_colors_info=&#8221;{}&#8221;]<\/p>\n<p style=\"text-align: center\">&#8220;Tienes en tus manos poder de elegir.<br \/>\nCada paso que andas, lo puedes dirigir.<\/p>\n<p style=\"text-align: center\">Tienes en tu mente, poder de decidir,<br \/>\nsi permanecer en el amor, o en el miedo residir.<\/p>\n<p style=\"text-align: center\">Tienes un presente que puedes vivir:<br \/>\nsi lo aplazas, tal vez no venga.<br \/>\nsi lo ignoras, no se va a repetir!&#8221;<\/p>\n<p style=\"text-align: center\">(Extracto de la canci\u00f3n &#8220;Abre Tu Mente&#8221;, de la producci\u00f3n &#8220;En Vuelo&#8221;)<\/p>\n<p>[\/et_pb_text][et_pb_cta button_url=&#8221;http:\/\/www.alba-molina.com\/es\/contacto\/&#8221; button_text=&#8221;Solicita una Cita&#8221; admin_label=&#8221;Call To Action&#8221; _builder_version=&#8221;3.16&#8243; background_color=&#8221;rgba(255,255,255,0)&#8221; background_size=&#8221;initial&#8221; background_position=&#8221;top_left&#8221; background_repeat=&#8221;repeat&#8221; custom_button=&#8221;on&#8221; button_text_size=&#8221;26&#8243; button_bg_color=&#8221;#e5a859&#8243; button_border_width=&#8221;1&#8243; button_border_color=&#8221;#ffffff&#8221; use_border_color=&#8221;off&#8221; border_color=&#8221;#ffffff&#8221; border_style=&#8221;solid&#8221; button_border_color_hover=&#8221;#ffffff&#8221; button_border_radius_hover=&#8221;1&#8243; button_letter_spacing_hover=&#8221;0&#8243; global_colors_info=&#8221;{}&#8221; button_text_size__hover_enabled=&#8221;off&#8221; button_one_text_size__hover_enabled=&#8221;off&#8221; button_two_text_size__hover_enabled=&#8221;off&#8221; button_text_color__hover_enabled=&#8221;off&#8221; button_one_text_color__hover_enabled=&#8221;off&#8221; button_two_text_color__hover_enabled=&#8221;off&#8221; button_border_width__hover_enabled=&#8221;off&#8221; button_one_border_width__hover_enabled=&#8221;off&#8221; button_two_border_width__hover_enabled=&#8221;off&#8221; button_border_color__hover_enabled=&#8221;on&#8221; button_border_color__hover=&#8221;#ffffff&#8221; button_one_border_color__hover_enabled=&#8221;off&#8221; button_two_border_color__hover_enabled=&#8221;off&#8221; button_border_radius__hover_enabled=&#8221;on&#8221; button_border_radius__hover=&#8221;1&#8243; button_one_border_radius__hover_enabled=&#8221;off&#8221; button_two_border_radius__hover_enabled=&#8221;off&#8221; button_letter_spacing__hover_enabled=&#8221;on&#8221; button_letter_spacing__hover=&#8221;0&#8243; button_one_letter_spacing__hover_enabled=&#8221;off&#8221; button_two_letter_spacing__hover_enabled=&#8221;off&#8221; button_bg_color__hover_enabled=&#8221;off&#8221; button_one_bg_color__hover_enabled=&#8221;off&#8221; button_two_bg_color__hover_enabled=&#8221;off&#8221;][\/et_pb_cta][\/et_pb_column][\/et_pb_row][\/et_pb_section]<\/p>\n","protected":false},"excerpt":{"rendered":"<p>\u00a1Te doy la Bienvenida a Alba Molina, Vision Guide! \u00a1Juntos, hagamos una diferencia \u00fanica en el mundo! Perm\u00edteme reflejarte la Mejor versi\u00f3n de tu sery guiarte hasta alcanzar la Visi\u00f3n Ideal de tu vida.Si apuramos las cosas, pueden destruirse en el proceso. Se requiere Paciencia Amorosa para permitir que se d\u00e9 su desarrollo natural y [&hellip;]<\/p>\n","protected":false},"author":1,"featured_media":0,"parent":0,"menu_order":11,"comment_status":"closed","ping_status":"closed","template":"","meta":{"_et_pb_use_builder":"on","_et_pb_old_content":"","_et_gb_content_width":"","_monsterinsights_skip_tracking":false,"_monsterinsights_sitenote_active":false,"_monsterinsights_sitenote_note":"","_monsterinsights_sitenote_category":0,"footnotes":""},"class_list":["post-116","page","type-page","status-publish","hentry"],"_links":{"self":[{"href":"https:\/\/alba-molina.com\/es\/wp-json\/wp\/v2\/pages\/116","targetHints":{"allow":["GET"]}}],"collection":[{"href":"https:\/\/alba-molina.com\/es\/wp-json\/wp\/v2\/pages"}],"about":[{"href":"https:\/\/alba-molina.com\/es\/wp-json\/wp\/v2\/types\/page"}],"author":[{"embeddable":true,"href":"https:\/\/alba-molina.com\/es\/wp-json\/wp\/v2\/users\/1"}],"replies":[{"embeddable":true,"href":"https:\/\/alba-molina.com\/es\/wp-json\/wp\/v2\/comments?post=116"}],"version-history":[{"count":6,"href":"https:\/\/alba-molina.com\/es\/wp-json\/wp\/v2\/pages\/116\/revisions"}],"predecessor-version":[{"id":1315,"href":"https:\/\/alba-molina.com\/es\/wp-json\/wp\/v2\/pages\/116\/revisions\/1315"}],"wp:attachment":[{"href":"https:\/\/alba-molina.com\/es\/wp-json\/wp\/v2\/media?parent=116"}],"curies":[{"name":"wp","href":"https:\/\/api.w.org\/{rel}","templated":true}]}}