{"id":1100,"date":"2015-10-16T01:49:45","date_gmt":"2015-10-16T01:49:45","guid":{"rendered":"http:\/\/www.albamolinavisionguide.com\/es\/?page_id=84"},"modified":"2021-01-02T20:35:59","modified_gmt":"2021-01-02T20:35:59","slug":"que-es-coaching-de-vida","status":"publish","type":"page","link":"https:\/\/alba-molina.com\/es\/que-es-coaching-de-vida\/","title":{"rendered":"\u00bfQu\u00e9 es Coaching de Vida?"},"content":{"rendered":"<p>[et_pb_section fb_built=&#8221;1&#8243; custom_padding_last_edited=&#8221;on|desktop&#8221; admin_label=&#8221;section&#8221; _builder_version=&#8221;4.7.7&#8243; background_color=&#8221;#ffffff&#8221; background_image=&#8221;https:\/\/alba-molina.com\/es\/wp-content\/uploads\/sites\/2\/2015\/10\/geoda1.jpg&#8221; custom_padding_tablet=&#8221;50px|0|50px|0&#8243; hover_enabled=&#8221;0&#8243; custom_css_main_element=&#8221;height: 100vh;&#8221; transparent_background=&#8221;off&#8221; padding_mobile=&#8221;off&#8221; make_fullwidth=&#8221;off&#8221; use_custom_width=&#8221;off&#8221; width_unit=&#8221;on&#8221; title_text=&#8221;geoda&#8221; sticky_enabled=&#8221;0&#8243;][et_pb_row padding_mobile=&#8221;off&#8221; column_padding_mobile=&#8221;on&#8221; admin_label=&#8221;row&#8221; _builder_version=&#8221;3.25&#8243; background_size=&#8221;initial&#8221; background_position=&#8221;top_left&#8221; background_repeat=&#8221;repeat&#8221; custom_css_main_element=&#8221;padding-top:5%;&#8221; make_fullwidth=&#8221;off&#8221; use_custom_width=&#8221;off&#8221; width_unit=&#8221;on&#8221;][et_pb_column type=&#8221;4_4&#8243; _builder_version=&#8221;3.25&#8243; custom_padding=&#8221;|||&#8221; custom_padding__hover=&#8221;|||&#8221;][et_pb_post_title meta=&#8221;off&#8221; featured_image=&#8221;off&#8221; text_color=&#8221;light&#8221; admin_label=&#8221;Post Title&#8221; _builder_version=&#8221;3.0.87&#8243; title_font_size=&#8221;36px&#8221; title_all_caps=&#8221;off&#8221; background_color=&#8221;rgba(255,255,255,0)&#8221; parallax=&#8221;on&#8221; parallax_method=&#8221;off&#8221; text_orientation=&#8221;center&#8221; custom_css_main_element=&#8221;text-shadow: 0px 0px 6px rgba(0, 0, 0, 1);&#8221; parallax_effect=&#8221;on&#8221; module_bg_color=&#8221;rgba(255,255,255,0)&#8221; use_border_color=&#8221;off&#8221; border_color=&#8221;#ffffff&#8221; border_style=&#8221;solid&#8221;][\/et_pb_post_title][et_pb_text admin_label=&#8221;Text&#8221; _builder_version=&#8221;3.27.4&#8243; background_size=&#8221;initial&#8221; background_position=&#8221;top_left&#8221; background_repeat=&#8221;repeat&#8221; background_layout=&#8221;dark&#8221; custom_css_main_element=&#8221;text-shadow: 0px 0px 6px rgba(0, 0, 0, 1);&#8221; use_border_color=&#8221;off&#8221; border_color=&#8221;#ffffff&#8221; border_style=&#8221;solid&#8221;]<\/p>\n<p style=\"text-align: center\"><span class=\"quote\"><br \/>\nNuestra mejor contribuci\u00f3n para cada persona que nos encontramos,<br \/>\nes ser el espejo que les refleja sus cualidades.<br \/>\nTodos somos un diamante en bruto;<br \/>\nencontremos esos atributos intencionalmente!<br \/>\nAlba~<br \/>\n<\/span><\/p>\n<p>[\/et_pb_text][et_pb_image src=&#8221;http:\/\/www.alba-molina.com\/es\/wp-content\/uploads\/sites\/2\/2015\/10\/arrow.png&#8221; alt=&#8221;Continuar leyendo&#8221; title_text=&#8221;Continuar leyendo&#8221; url=&#8221;#contenido&#8221; align=&#8221;center&#8221; align_tablet=&#8221;center&#8221; align_last_edited=&#8221;on|desktop&#8221; admin_label=&#8221;Image&#8221; _builder_version=&#8221;3.23&#8243; use_border_color=&#8221;off&#8221; border_color=&#8221;#ffffff&#8221; border_style=&#8221;solid&#8221; animation=&#8221;off&#8221; sticky=&#8221;off&#8221; always_center_on_mobile=&#8221;on&#8221;][\/et_pb_image][\/et_pb_column][\/et_pb_row][\/et_pb_section][et_pb_section fb_built=&#8221;1&#8243; custom_padding_last_edited=&#8221;on|desktop&#8221; admin_label=&#8221;Section&#8221; module_id=&#8221;contenido&#8221; _builder_version=&#8221;3.22&#8243; custom_padding_tablet=&#8221;50px|0|50px|0&#8243; transparent_background=&#8221;off&#8221; padding_mobile=&#8221;off&#8221; make_fullwidth=&#8221;off&#8221; use_custom_width=&#8221;off&#8221; width_unit=&#8221;on&#8221;][et_pb_row admin_label=&#8221;Row&#8221; _builder_version=&#8221;3.25&#8243; background_size=&#8221;initial&#8221; background_position=&#8221;top_left&#8221; background_repeat=&#8221;repeat&#8221; column_structure=&#8221;3_4,1_4&#8243;][et_pb_column type=&#8221;3_4&#8243; _builder_version=&#8221;3.25&#8243; custom_padding=&#8221;|||&#8221; custom_padding__hover=&#8221;|||&#8221;][et_pb_text admin_label=&#8221;Text&#8221; _builder_version=&#8221;3.27.4&#8243; background_size=&#8221;initial&#8221; background_position=&#8221;top_left&#8221; background_repeat=&#8221;repeat&#8221; use_border_color=&#8221;off&#8221; border_color=&#8221;#ffffff&#8221; border_style=&#8221;solid&#8221;]Un Coach es un Gu\u00eda o Entrenador con preparaci\u00f3n t\u00e9cnica en el campo donde desarrolle sus destrezas. Su funci\u00f3n es conducir a su coachee (cliente) hacia lograr sus objetivos.<\/p>\n<p>Hay Coaching en el \u00e1mbito deportivo, empresarial, personal, y hasta en especialidades como la proyecci\u00f3n de la voz (para cantantes, actores y locutores), la imagen personal, y muchos otros campos variados.<\/p>\n<p>Como Coach <strong><em>Integral<\/em><\/strong> de Vida con Programaci\u00f3n Neuroling\u00fc\u00edstica, yo me enfoco en ayudarte de una forma emp\u00e1tica (rapport) estableciendo una relaci\u00f3n de confianza y tranquilidad, para comprender tu paradigma actual sin juzgarte. A partir de este punto te presentar\u00e9 objetivamente preguntas clave que sugerir\u00e1n algunas opciones que tal vez a\u00fan no has visto y que te permitir\u00e1n generar las respuestas y soluciones dentro de ti mismo.<\/p>\n<p>Tomar\u00e9 en consideraci\u00f3n todos los aspectos en tu vida para que podamos determinar si las metas que te has planteado han nacido de ti, o si fueron influenciadas por aspectos externos.<br \/>\nFrecuentemente las personas llegan con un objetivo en mente, y luego de algunas sesiones muy reveladoras, sus vidas y sus metas dan un enorme vuelco que resulta mucho m\u00e1s favorable del que jam\u00e1s imaginaron.<\/p>\n<p>En esta calibraci\u00f3n hol\u00edstica (o integral), vas a encontrar balance y armon\u00eda entre todas las \u00e1reas de tu ser, y podr\u00e1s acceder a todo el potencial interno que tienes y que frecuentemente se subestima o se desconoce.<\/p>\n<h2>\u00bfC\u00f3mo Funciona el Coaching?<\/h2>\n<p>Todo buen Gu\u00eda sabe que para llevar a alguien a lograr metas m\u00e1s altas, es indispensable inspirarlos a que salgan de su zona de confort. Esto no s\u00f3lo es inc\u00f3modo, sino que puede ser doloroso en algunos casos, ya que se podr\u00edan estar utilizando ciertos \u201cm\u00fasculos\u201d por primera vez\u2026<br \/>\nComo tu Coach te guiar\u00e9 en una sesi\u00f3n de 60 minutos por semana con emp\u00e1tica paciencia (comprensi\u00f3n &gt; s\u00ed; permisividad &gt; no), aunque siempre motiv\u00e1ndote a dar lo mejor de ti para as\u00ed estirar tus capacidades cada vez m\u00e1s.<\/p>\n<p>Las reuniones se pueden hacer en forma presencial o a larga distancia (v\u00eda skype).<\/p>\n<p>Durante todo el proceso utilizaremos varias herramientas y yo aplicar\u00e9 las t\u00e9cnicas que considere apropiadas en cada caso, present\u00e1ndote una serie de retos para superarlos creativamente y as\u00ed lograr fortalecer tus destrezas y re-descubrir todo tu potencial.[\/et_pb_text][\/et_pb_column][et_pb_column type=&#8221;1_4&#8243; _builder_version=&#8221;3.25&#8243; custom_padding=&#8221;|||&#8221; custom_padding__hover=&#8221;|||&#8221;][et_pb_sidebar area=&#8221;sidebar-1&#8243; admin_label=&#8221;Sidebar&#8221; _builder_version=&#8221;3.0.74&#8243; remove_border=&#8221;off&#8221;][\/et_pb_sidebar][\/et_pb_column][\/et_pb_row][\/et_pb_section]<\/p>\n","protected":false},"excerpt":{"rendered":"<p>Nuestra mejor contribuci\u00f3n para cada persona que nos encontramos, es ser el espejo que les refleja sus cualidades. Todos somos un diamante en bruto; encontremos esos atributos intencionalmente! Alba~ Un Coach es un Gu\u00eda o Entrenador con preparaci\u00f3n t\u00e9cnica en el campo donde desarrolle sus destrezas. Su funci\u00f3n es conducir a su coachee (cliente) hacia [&hellip;]<\/p>\n","protected":false},"author":1,"featured_media":0,"parent":0,"menu_order":2,"comment_status":"closed","ping_status":"closed","template":"","meta":{"_et_pb_use_builder":"on","_et_pb_old_content":"","_et_gb_content_width":"","_monsterinsights_skip_tracking":false,"_monsterinsights_sitenote_active":false,"_monsterinsights_sitenote_note":"","_monsterinsights_sitenote_category":0,"footnotes":""},"class_list":["post-1100","page","type-page","status-publish","hentry"],"_links":{"self":[{"href":"https:\/\/alba-molina.com\/es\/wp-json\/wp\/v2\/pages\/1100","targetHints":{"allow":["GET"]}}],"collection":[{"href":"https:\/\/alba-molina.com\/es\/wp-json\/wp\/v2\/pages"}],"about":[{"href":"https:\/\/alba-molina.com\/es\/wp-json\/wp\/v2\/types\/page"}],"author":[{"embeddable":true,"href":"https:\/\/alba-molina.com\/es\/wp-json\/wp\/v2\/users\/1"}],"replies":[{"embeddable":true,"href":"https:\/\/alba-molina.com\/es\/wp-json\/wp\/v2\/comments?post=1100"}],"version-history":[{"count":2,"href":"https:\/\/alba-molina.com\/es\/wp-json\/wp\/v2\/pages\/1100\/revisions"}],"predecessor-version":[{"id":1163,"href":"https:\/\/alba-molina.com\/es\/wp-json\/wp\/v2\/pages\/1100\/revisions\/1163"}],"wp:attachment":[{"href":"https:\/\/alba-molina.com\/es\/wp-json\/wp\/v2\/media?parent=1100"}],"curies":[{"name":"wp","href":"https:\/\/api.w.org\/{rel}","templated":true}]}}